{"id":321,"date":"2023-01-25T10:09:54","date_gmt":"2023-01-25T09:09:54","guid":{"rendered":"https:\/\/zeirpkielce.pl\/?page_id=321"},"modified":"2024-03-05T13:21:10","modified_gmt":"2024-03-05T12:21:10","slug":"starachowice","status":"publish","type":"page","link":"https:\/\/zeirpkielce.pl\/index.php\/kola-powiatowe\/starachowice\/","title":{"rendered":"Starachowice"},"content":{"rendered":"\n<p class=\"has-large-font-size\"><strong>Zarz\u0105d Ko\u0142a nr 4 w Starachowicach<\/strong><\/p>\n\n\n\n<hr class=\"wp-block-separator has-alpha-channel-opacity\"\/>\n\n\n\n<p class=\"has-text-align-center\"><strong>27-200 Starachowice, Aleja Armii Krajowej 29<\/strong><br><strong>e-mail<\/strong>: <a href=\"mailto:starachowice@zeirpkielce.pl\">starachowice@zeirpkielce.pl<\/a><\/p>\n\n\n\n<hr class=\"wp-block-separator has-alpha-channel-opacity\"\/>\n\n\n\n<div class=\"wp-block-media-text alignwide is-stacked-on-mobile\" style=\"grid-template-columns:26% auto\"><figure class=\"wp-block-media-text__media\"><img loading=\"lazy\" decoding=\"async\" width=\"887\" height=\"1024\" src=\"https:\/\/zeirpkielce.pl\/wp-content\/uploads\/2023\/01\/starachowice-887x1024.png\" alt=\"\" class=\"wp-image-380 size-full\" srcset=\"https:\/\/zeirpkielce.pl\/wp-content\/uploads\/2023\/01\/starachowice-887x1024.png 887w, https:\/\/zeirpkielce.pl\/wp-content\/uploads\/2023\/01\/starachowice-260x300.png 260w, https:\/\/zeirpkielce.pl\/wp-content\/uploads\/2023\/01\/starachowice-768x887.png 768w, https:\/\/zeirpkielce.pl\/wp-content\/uploads\/2023\/01\/starachowice-1330x1536.png 1330w, https:\/\/zeirpkielce.pl\/wp-content\/uploads\/2023\/01\/starachowice-1773x2048.png 1773w, https:\/\/zeirpkielce.pl\/wp-content\/uploads\/2023\/01\/starachowice.png 2000w\" sizes=\"auto, (max-width: 887px) 100vw, 887px\" \/><\/figure><div class=\"wp-block-media-text__content\">\n<p><strong>Prezes \u2013 <\/strong>Zbigniew Nobis<br><strong>V-ce Prezes \u2013 <\/strong>Tadeusz Sobczyk<br><strong>Sekretarz \u2013 <\/strong>Grzegorz Lech<br><strong>Skarbnik \u2013 <\/strong>Lucjan Sad\u0142o<br><strong>Przew. Komisji Rewiz.<strong> \u2013 <\/strong><\/strong>Marta Lech<\/p>\n<\/div><\/div>\n\n\n\n<hr class=\"wp-block-separator has-alpha-channel-opacity\"\/>\n\n\n\n<p><strong>Przedstawiciel Ko\u0142a w Zarz\u0105dzie Oddzia\u0142u Wojew\u00f3dzkiego<\/strong> <strong>\u2013<\/strong> Zbigniew Nobis<\/p>\n","protected":false},"excerpt":{"rendered":"<p>Zarz\u0105d Ko\u0142a nr 4 w Starachowicach 27-200 Starachowice, Aleja Armii Krajowej 29e-mail: starachowice@zeirpkielce.pl Prezes \u2013 Zbigniew NobisV-ce Prezes \u2013 Tadeusz SobczykSekretarz \u2013 Grzegorz LechSkarbnik \u2013 Lucjan Sad\u0142oPrzew. Komisji Rewiz. \u2013 Marta Lech Przedstawiciel Ko\u0142a w Zarz\u0105dzie Oddzia\u0142u Wojew\u00f3dzkiego \u2013 Zbigniew Nobis<\/p>\n","protected":false},"author":1,"featured_media":0,"parent":102,"menu_order":3,"comment_status":"closed","ping_status":"closed","template":"","meta":{"footnotes":""},"class_list":["post-321","page","type-page","status-publish","hentry"],"yoast_head":"<!-- This site is optimized with the Yoast SEO plugin v21.7 - https:\/\/yoast.com\/wordpress\/plugins\/seo\/ -->\n<title>Starachowice - Zwi\u0105zek Emeryt\u00f3w i Rencist\u00f3w Po\u017carnictwa RP Oddzia\u0142 \u015awi\u0119tokrzyski<\/title>\n<meta name=\"description\" content=\"Zarz\u0105d Ko\u0142a nr 4 w Starachowicach\" \/>\n<meta name=\"robots\" content=\"index, follow, max-snippet:-1, max-image-preview:large, max-video-preview:-1\" \/>\n<link rel=\"canonical\" href=\"https:\/\/zeirpkielce.pl\/index.php\/kola-powiatowe\/starachowice\/\" \/>\n<meta property=\"og:locale\" content=\"pl_PL\" \/>\n<meta property=\"og:type\" content=\"article\" \/>\n<meta property=\"og:title\" content=\"Starachowice - Zwi\u0105zek Emeryt\u00f3w i Rencist\u00f3w Po\u017carnictwa RP Oddzia\u0142 \u015awi\u0119tokrzyski\" \/>\n<meta property=\"og:description\" content=\"Zarz\u0105d Ko\u0142a nr 4 w Starachowicach\" \/>\n<meta property=\"og:url\" content=\"https:\/\/zeirpkielce.pl\/index.php\/kola-powiatowe\/starachowice\/\" \/>\n<meta property=\"og:site_name\" content=\"Zwi\u0105zek Emeryt\u00f3w i Rencist\u00f3w Po\u017carnictwa RP Oddzia\u0142 \u015awi\u0119tokrzyski\" \/>\n<meta property=\"article:modified_time\" content=\"2024-03-05T12:21:10+00:00\" \/>\n<meta property=\"og:image\" content=\"https:\/\/zeirpkielce.pl\/wp-content\/uploads\/2023\/01\/starachowice-887x1024.png\" \/>\n<meta name=\"twitter:card\" content=\"summary_large_image\" \/>\n<meta name=\"twitter:label1\" content=\"Szacowany czas czytania\" \/>\n\t<meta name=\"twitter:data1\" content=\"1 minuta\" \/>\n<script type=\"application\/ld+json\" class=\"yoast-schema-graph\">{\"@context\":\"https:\/\/schema.org\",\"@graph\":[{\"@type\":\"WebPage\",\"@id\":\"https:\/\/zeirpkielce.pl\/index.php\/kola-powiatowe\/starachowice\/\",\"url\":\"https:\/\/zeirpkielce.pl\/index.php\/kola-powiatowe\/starachowice\/\",\"name\":\"Starachowice - Zwi\u0105zek Emeryt\u00f3w i Rencist\u00f3w Po\u017carnictwa RP Oddzia\u0142 \u015awi\u0119tokrzyski\",\"isPartOf\":{\"@id\":\"https:\/\/zeirpkielce.pl\/#website\"},\"datePublished\":\"2023-01-25T09:09:54+00:00\",\"dateModified\":\"2024-03-05T12:21:10+00:00\",\"description\":\"Zarz\u0105d Ko\u0142a nr 4 w Starachowicach\",\"breadcrumb\":{\"@id\":\"https:\/\/zeirpkielce.pl\/index.php\/kola-powiatowe\/starachowice\/#breadcrumb\"},\"inLanguage\":\"pl-PL\",\"potentialAction\":[{\"@type\":\"ReadAction\",\"target\":[\"https:\/\/zeirpkielce.pl\/index.php\/kola-powiatowe\/starachowice\/\"]}]},{\"@type\":\"BreadcrumbList\",\"@id\":\"https:\/\/zeirpkielce.pl\/index.php\/kola-powiatowe\/starachowice\/#breadcrumb\",\"itemListElement\":[{\"@type\":\"ListItem\",\"position\":1,\"name\":\"Strona g\u0142\u00f3wna\",\"item\":\"https:\/\/zeirpkielce.pl\/\"},{\"@type\":\"ListItem\",\"position\":2,\"name\":\"Ko\u0142a Powiatowe\",\"item\":\"https:\/\/zeirpkielce.pl\/index.php\/kola-powiatowe\/\"},{\"@type\":\"ListItem\",\"position\":3,\"name\":\"Starachowice\"}]},{\"@type\":\"WebSite\",\"@id\":\"https:\/\/zeirpkielce.pl\/#website\",\"url\":\"https:\/\/zeirpkielce.pl\/\",\"name\":\"Zwi\u0105zek Emeryt\u00f3w i Rencist\u00f3w Po\u017carnictwa RP Oddzia\u0142 \u015awi\u0119tokrzyski\",\"description\":\"\",\"publisher\":{\"@id\":\"https:\/\/zeirpkielce.pl\/#organization\"},\"potentialAction\":[{\"@type\":\"SearchAction\",\"target\":{\"@type\":\"EntryPoint\",\"urlTemplate\":\"https:\/\/zeirpkielce.pl\/?s={search_term_string}\"},\"query-input\":\"required name=search_term_string\"}],\"inLanguage\":\"pl-PL\"},{\"@type\":\"Organization\",\"@id\":\"https:\/\/zeirpkielce.pl\/#organization\",\"name\":\"Zwi\u0105zek Emeryt\u00f3w i Rencist\u00f3w Po\u017carnictwa RP Oddzia\u0142 \u015awi\u0119tokrzyski\",\"url\":\"https:\/\/zeirpkielce.pl\/\",\"logo\":{\"@type\":\"ImageObject\",\"inLanguage\":\"pl-PL\",\"@id\":\"https:\/\/zeirpkielce.pl\/#\/schema\/logo\/image\/\",\"url\":\"https:\/\/zeirpkielce.pl\/wp-content\/uploads\/2022\/12\/cropped-zeirprplogo.png\",\"contentUrl\":\"https:\/\/zeirpkielce.pl\/wp-content\/uploads\/2022\/12\/cropped-zeirprplogo.png\",\"width\":248,\"height\":248,\"caption\":\"Zwi\u0105zek Emeryt\u00f3w i Rencist\u00f3w Po\u017carnictwa RP Oddzia\u0142 \u015awi\u0119tokrzyski\"},\"image\":{\"@id\":\"https:\/\/zeirpkielce.pl\/#\/schema\/logo\/image\/\"}}]}<\/script>\n<!-- \/ Yoast SEO plugin. -->","yoast_head_json":{"title":"Starachowice - Zwi\u0105zek Emeryt\u00f3w i Rencist\u00f3w Po\u017carnictwa RP Oddzia\u0142 \u015awi\u0119tokrzyski","description":"Zarz\u0105d Ko\u0142a nr 4 w Starachowicach","robots":{"index":"index","follow":"follow","max-snippet":"max-snippet:-1","max-image-preview":"max-image-preview:large","max-video-preview":"max-video-preview:-1"},"canonical":"https:\/\/zeirpkielce.pl\/index.php\/kola-powiatowe\/starachowice\/","og_locale":"pl_PL","og_type":"article","og_title":"Starachowice - Zwi\u0105zek Emeryt\u00f3w i Rencist\u00f3w Po\u017carnictwa RP Oddzia\u0142 \u015awi\u0119tokrzyski","og_description":"Zarz\u0105d Ko\u0142a nr 4 w Starachowicach","og_url":"https:\/\/zeirpkielce.pl\/index.php\/kola-powiatowe\/starachowice\/","og_site_name":"Zwi\u0105zek Emeryt\u00f3w i Rencist\u00f3w Po\u017carnictwa RP Oddzia\u0142 \u015awi\u0119tokrzyski","article_modified_time":"2024-03-05T12:21:10+00:00","og_image":[{"url":"https:\/\/zeirpkielce.pl\/wp-content\/uploads\/2023\/01\/starachowice-887x1024.png"}],"twitter_card":"summary_large_image","twitter_misc":{"Szacowany czas czytania":"1 minuta"},"schema":{"@context":"https:\/\/schema.org","@graph":[{"@type":"WebPage","@id":"https:\/\/zeirpkielce.pl\/index.php\/kola-powiatowe\/starachowice\/","url":"https:\/\/zeirpkielce.pl\/index.php\/kola-powiatowe\/starachowice\/","name":"Starachowice - Zwi\u0105zek Emeryt\u00f3w i Rencist\u00f3w Po\u017carnictwa RP Oddzia\u0142 \u015awi\u0119tokrzyski","isPartOf":{"@id":"https:\/\/zeirpkielce.pl\/#website"},"datePublished":"2023-01-25T09:09:54+00:00","dateModified":"2024-03-05T12:21:10+00:00","description":"Zarz\u0105d Ko\u0142a nr 4 w Starachowicach","breadcrumb":{"@id":"https:\/\/zeirpkielce.pl\/index.php\/kola-powiatowe\/starachowice\/#breadcrumb"},"inLanguage":"pl-PL","potentialAction":[{"@type":"ReadAction","target":["https:\/\/zeirpkielce.pl\/index.php\/kola-powiatowe\/starachowice\/"]}]},{"@type":"BreadcrumbList","@id":"https:\/\/zeirpkielce.pl\/index.php\/kola-powiatowe\/starachowice\/#breadcrumb","itemListElement":[{"@type":"ListItem","position":1,"name":"Strona g\u0142\u00f3wna","item":"https:\/\/zeirpkielce.pl\/"},{"@type":"ListItem","position":2,"name":"Ko\u0142a Powiatowe","item":"https:\/\/zeirpkielce.pl\/index.php\/kola-powiatowe\/"},{"@type":"ListItem","position":3,"name":"Starachowice"}]},{"@type":"WebSite","@id":"https:\/\/zeirpkielce.pl\/#website","url":"https:\/\/zeirpkielce.pl\/","name":"Zwi\u0105zek Emeryt\u00f3w i Rencist\u00f3w Po\u017carnictwa RP Oddzia\u0142 \u015awi\u0119tokrzyski","description":"","publisher":{"@id":"https:\/\/zeirpkielce.pl\/#organization"},"potentialAction":[{"@type":"SearchAction","target":{"@type":"EntryPoint","urlTemplate":"https:\/\/zeirpkielce.pl\/?s={search_term_string}"},"query-input":"required name=search_term_string"}],"inLanguage":"pl-PL"},{"@type":"Organization","@id":"https:\/\/zeirpkielce.pl\/#organization","name":"Zwi\u0105zek Emeryt\u00f3w i Rencist\u00f3w Po\u017carnictwa RP Oddzia\u0142 \u015awi\u0119tokrzyski","url":"https:\/\/zeirpkielce.pl\/","logo":{"@type":"ImageObject","inLanguage":"pl-PL","@id":"https:\/\/zeirpkielce.pl\/#\/schema\/logo\/image\/","url":"https:\/\/zeirpkielce.pl\/wp-content\/uploads\/2022\/12\/cropped-zeirprplogo.png","contentUrl":"https:\/\/zeirpkielce.pl\/wp-content\/uploads\/2022\/12\/cropped-zeirprplogo.png","width":248,"height":248,"caption":"Zwi\u0105zek Emeryt\u00f3w i Rencist\u00f3w Po\u017carnictwa RP Oddzia\u0142 \u015awi\u0119tokrzyski"},"image":{"@id":"https:\/\/zeirpkielce.pl\/#\/schema\/logo\/image\/"}}]}},"_links":{"self":[{"href":"https:\/\/zeirpkielce.pl\/index.php\/wp-json\/wp\/v2\/pages\/321","targetHints":{"allow":["GET"]}}],"collection":[{"href":"https:\/\/zeirpkielce.pl\/index.php\/wp-json\/wp\/v2\/pages"}],"about":[{"href":"https:\/\/zeirpkielce.pl\/index.php\/wp-json\/wp\/v2\/types\/page"}],"author":[{"embeddable":true,"href":"https:\/\/zeirpkielce.pl\/index.php\/wp-json\/wp\/v2\/users\/1"}],"replies":[{"embeddable":true,"href":"https:\/\/zeirpkielce.pl\/index.php\/wp-json\/wp\/v2\/comments?post=321"}],"version-history":[{"count":4,"href":"https:\/\/zeirpkielce.pl\/index.php\/wp-json\/wp\/v2\/pages\/321\/revisions"}],"predecessor-version":[{"id":560,"href":"https:\/\/zeirpkielce.pl\/index.php\/wp-json\/wp\/v2\/pages\/321\/revisions\/560"}],"up":[{"embeddable":true,"href":"https:\/\/zeirpkielce.pl\/index.php\/wp-json\/wp\/v2\/pages\/102"}],"wp:attachment":[{"href":"https:\/\/zeirpkielce.pl\/index.php\/wp-json\/wp\/v2\/media?parent=321"}],"curies":[{"name":"wp","href":"https:\/\/api.w.org\/{rel}","templated":true}]}}