{"id":308,"date":"2023-01-25T09:51:58","date_gmt":"2023-01-25T08:51:58","guid":{"rendered":"https:\/\/zeirpkielce.pl\/?page_id=308"},"modified":"2024-03-05T13:22:08","modified_gmt":"2024-03-05T12:22:08","slug":"wloszczowa","status":"publish","type":"page","link":"https:\/\/zeirpkielce.pl\/index.php\/kola-powiatowe\/wloszczowa\/","title":{"rendered":"W\u0142oszczowa"},"content":{"rendered":"\n<p class=\"has-large-font-size\"><strong>Zarz\u0105d Ko\u0142a nr 2 we W\u0142oszczowie<\/strong><\/p>\n\n\n\n<hr class=\"wp-block-separator has-alpha-channel-opacity\"\/>\n\n\n\n<p class=\"has-text-align-center\"><strong>29-100 W\u0142oszczowa, ul. Sienkiewicza 45<\/strong><br><strong>e-mail<\/strong>: <a href=\"mailto:wloszczowa@zeirpkielce.pl\">wloszczowa@zeirpkielce.pl<\/a><\/p>\n\n\n\n<hr class=\"wp-block-separator has-alpha-channel-opacity\"\/>\n\n\n\n<div class=\"wp-block-media-text alignwide is-stacked-on-mobile\" style=\"grid-template-columns:27% auto\"><figure class=\"wp-block-media-text__media\"><img loading=\"lazy\" decoding=\"async\" width=\"943\" height=\"1024\" src=\"https:\/\/zeirpkielce.pl\/wp-content\/uploads\/2023\/01\/wloszczowa-943x1024.png\" alt=\"\" class=\"wp-image-382 size-full\" srcset=\"https:\/\/zeirpkielce.pl\/wp-content\/uploads\/2023\/01\/wloszczowa-943x1024.png 943w, https:\/\/zeirpkielce.pl\/wp-content\/uploads\/2023\/01\/wloszczowa-276x300.png 276w, https:\/\/zeirpkielce.pl\/wp-content\/uploads\/2023\/01\/wloszczowa-768x834.png 768w, https:\/\/zeirpkielce.pl\/wp-content\/uploads\/2023\/01\/wloszczowa.png 1200w\" sizes=\"auto, (max-width: 943px) 100vw, 943px\" \/><\/figure><div class=\"wp-block-media-text__content\">\n<p><strong>Prezes \u2013 <\/strong>Grzegorz G\u0105sior<br><strong>V-ce Prezes \u2013 <\/strong>Rados\u0142aw Adamczyk<br><strong>Sekretarz \u2013 <\/strong>Piotr Galant<br><strong>Skarbnik \u2013 <\/strong>Teresa Czerwi\u0144ska<br><strong>Przew. Komisji Rewiz.<strong> \u2013 <\/strong><\/strong>Marek Bugajniak<\/p>\n<\/div><\/div>\n\n\n\n<hr class=\"wp-block-separator has-alpha-channel-opacity\"\/>\n\n\n\n<p><strong>Przedstawiciel Ko\u0142a w Zarz\u0105dzie Oddzia\u0142u Wojew\u00f3dzkiego<\/strong> <strong>\u2013<\/strong> Teresa Czerwi\u0144ska<\/p>\n","protected":false},"excerpt":{"rendered":"<p>Zarz\u0105d Ko\u0142a nr 2 we W\u0142oszczowie 29-100 W\u0142oszczowa, ul. Sienkiewicza 45e-mail: wloszczowa@zeirpkielce.pl Prezes \u2013 Grzegorz G\u0105siorV-ce Prezes \u2013 Rados\u0142aw AdamczykSekretarz \u2013 Piotr GalantSkarbnik \u2013 Teresa Czerwi\u0144skaPrzew. Komisji Rewiz. \u2013 Marek Bugajniak Przedstawiciel Ko\u0142a w Zarz\u0105dzie Oddzia\u0142u Wojew\u00f3dzkiego \u2013 Teresa Czerwi\u0144ska<\/p>\n","protected":false},"author":1,"featured_media":0,"parent":102,"menu_order":1,"comment_status":"closed","ping_status":"closed","template":"","meta":{"footnotes":""},"class_list":["post-308","page","type-page","status-publish","hentry"],"yoast_head":"<!-- This site is optimized with the Yoast SEO plugin v21.7 - https:\/\/yoast.com\/wordpress\/plugins\/seo\/ -->\n<title>W\u0142oszczowa - Zwi\u0105zek Emeryt\u00f3w i Rencist\u00f3w Po\u017carnictwa RP Oddzia\u0142 \u015awi\u0119tokrzyski<\/title>\n<meta name=\"description\" content=\"Zarz\u0105d Ko\u0142a nr 2 we W\u0142oszczowie\" \/>\n<meta name=\"robots\" content=\"index, follow, max-snippet:-1, max-image-preview:large, max-video-preview:-1\" \/>\n<link rel=\"canonical\" href=\"https:\/\/zeirpkielce.pl\/index.php\/kola-powiatowe\/wloszczowa\/\" \/>\n<meta property=\"og:locale\" content=\"pl_PL\" \/>\n<meta property=\"og:type\" content=\"article\" \/>\n<meta property=\"og:title\" content=\"W\u0142oszczowa - Zwi\u0105zek Emeryt\u00f3w i Rencist\u00f3w Po\u017carnictwa RP Oddzia\u0142 \u015awi\u0119tokrzyski\" \/>\n<meta property=\"og:description\" content=\"Zarz\u0105d Ko\u0142a nr 2 we W\u0142oszczowie\" \/>\n<meta property=\"og:url\" content=\"https:\/\/zeirpkielce.pl\/index.php\/kola-powiatowe\/wloszczowa\/\" \/>\n<meta property=\"og:site_name\" content=\"Zwi\u0105zek Emeryt\u00f3w i Rencist\u00f3w Po\u017carnictwa RP Oddzia\u0142 \u015awi\u0119tokrzyski\" \/>\n<meta property=\"article:modified_time\" content=\"2024-03-05T12:22:08+00:00\" \/>\n<meta property=\"og:image\" content=\"https:\/\/zeirpkielce.pl\/wp-content\/uploads\/2023\/01\/wloszczowa-943x1024.png\" \/>\n<meta name=\"twitter:card\" content=\"summary_large_image\" \/>\n<script type=\"application\/ld+json\" class=\"yoast-schema-graph\">{\"@context\":\"https:\/\/schema.org\",\"@graph\":[{\"@type\":\"WebPage\",\"@id\":\"https:\/\/zeirpkielce.pl\/index.php\/kola-powiatowe\/wloszczowa\/\",\"url\":\"https:\/\/zeirpkielce.pl\/index.php\/kola-powiatowe\/wloszczowa\/\",\"name\":\"W\u0142oszczowa - Zwi\u0105zek Emeryt\u00f3w i Rencist\u00f3w Po\u017carnictwa RP Oddzia\u0142 \u015awi\u0119tokrzyski\",\"isPartOf\":{\"@id\":\"https:\/\/zeirpkielce.pl\/#website\"},\"datePublished\":\"2023-01-25T08:51:58+00:00\",\"dateModified\":\"2024-03-05T12:22:08+00:00\",\"description\":\"Zarz\u0105d Ko\u0142a nr 2 we W\u0142oszczowie\",\"breadcrumb\":{\"@id\":\"https:\/\/zeirpkielce.pl\/index.php\/kola-powiatowe\/wloszczowa\/#breadcrumb\"},\"inLanguage\":\"pl-PL\",\"potentialAction\":[{\"@type\":\"ReadAction\",\"target\":[\"https:\/\/zeirpkielce.pl\/index.php\/kola-powiatowe\/wloszczowa\/\"]}]},{\"@type\":\"BreadcrumbList\",\"@id\":\"https:\/\/zeirpkielce.pl\/index.php\/kola-powiatowe\/wloszczowa\/#breadcrumb\",\"itemListElement\":[{\"@type\":\"ListItem\",\"position\":1,\"name\":\"Strona g\u0142\u00f3wna\",\"item\":\"https:\/\/zeirpkielce.pl\/\"},{\"@type\":\"ListItem\",\"position\":2,\"name\":\"Ko\u0142a Powiatowe\",\"item\":\"https:\/\/zeirpkielce.pl\/index.php\/kola-powiatowe\/\"},{\"@type\":\"ListItem\",\"position\":3,\"name\":\"W\u0142oszczowa\"}]},{\"@type\":\"WebSite\",\"@id\":\"https:\/\/zeirpkielce.pl\/#website\",\"url\":\"https:\/\/zeirpkielce.pl\/\",\"name\":\"Zwi\u0105zek Emeryt\u00f3w i Rencist\u00f3w Po\u017carnictwa RP Oddzia\u0142 \u015awi\u0119tokrzyski\",\"description\":\"\",\"publisher\":{\"@id\":\"https:\/\/zeirpkielce.pl\/#organization\"},\"potentialAction\":[{\"@type\":\"SearchAction\",\"target\":{\"@type\":\"EntryPoint\",\"urlTemplate\":\"https:\/\/zeirpkielce.pl\/?s={search_term_string}\"},\"query-input\":\"required name=search_term_string\"}],\"inLanguage\":\"pl-PL\"},{\"@type\":\"Organization\",\"@id\":\"https:\/\/zeirpkielce.pl\/#organization\",\"name\":\"Zwi\u0105zek Emeryt\u00f3w i Rencist\u00f3w Po\u017carnictwa RP Oddzia\u0142 \u015awi\u0119tokrzyski\",\"url\":\"https:\/\/zeirpkielce.pl\/\",\"logo\":{\"@type\":\"ImageObject\",\"inLanguage\":\"pl-PL\",\"@id\":\"https:\/\/zeirpkielce.pl\/#\/schema\/logo\/image\/\",\"url\":\"https:\/\/zeirpkielce.pl\/wp-content\/uploads\/2022\/12\/cropped-zeirprplogo.png\",\"contentUrl\":\"https:\/\/zeirpkielce.pl\/wp-content\/uploads\/2022\/12\/cropped-zeirprplogo.png\",\"width\":248,\"height\":248,\"caption\":\"Zwi\u0105zek Emeryt\u00f3w i Rencist\u00f3w Po\u017carnictwa RP Oddzia\u0142 \u015awi\u0119tokrzyski\"},\"image\":{\"@id\":\"https:\/\/zeirpkielce.pl\/#\/schema\/logo\/image\/\"}}]}<\/script>\n<!-- \/ Yoast SEO plugin. -->","yoast_head_json":{"title":"W\u0142oszczowa - Zwi\u0105zek Emeryt\u00f3w i Rencist\u00f3w Po\u017carnictwa RP Oddzia\u0142 \u015awi\u0119tokrzyski","description":"Zarz\u0105d Ko\u0142a nr 2 we W\u0142oszczowie","robots":{"index":"index","follow":"follow","max-snippet":"max-snippet:-1","max-image-preview":"max-image-preview:large","max-video-preview":"max-video-preview:-1"},"canonical":"https:\/\/zeirpkielce.pl\/index.php\/kola-powiatowe\/wloszczowa\/","og_locale":"pl_PL","og_type":"article","og_title":"W\u0142oszczowa - Zwi\u0105zek Emeryt\u00f3w i Rencist\u00f3w Po\u017carnictwa RP Oddzia\u0142 \u015awi\u0119tokrzyski","og_description":"Zarz\u0105d Ko\u0142a nr 2 we W\u0142oszczowie","og_url":"https:\/\/zeirpkielce.pl\/index.php\/kola-powiatowe\/wloszczowa\/","og_site_name":"Zwi\u0105zek Emeryt\u00f3w i Rencist\u00f3w Po\u017carnictwa RP Oddzia\u0142 \u015awi\u0119tokrzyski","article_modified_time":"2024-03-05T12:22:08+00:00","og_image":[{"url":"https:\/\/zeirpkielce.pl\/wp-content\/uploads\/2023\/01\/wloszczowa-943x1024.png"}],"twitter_card":"summary_large_image","schema":{"@context":"https:\/\/schema.org","@graph":[{"@type":"WebPage","@id":"https:\/\/zeirpkielce.pl\/index.php\/kola-powiatowe\/wloszczowa\/","url":"https:\/\/zeirpkielce.pl\/index.php\/kola-powiatowe\/wloszczowa\/","name":"W\u0142oszczowa - Zwi\u0105zek Emeryt\u00f3w i Rencist\u00f3w Po\u017carnictwa RP Oddzia\u0142 \u015awi\u0119tokrzyski","isPartOf":{"@id":"https:\/\/zeirpkielce.pl\/#website"},"datePublished":"2023-01-25T08:51:58+00:00","dateModified":"2024-03-05T12:22:08+00:00","description":"Zarz\u0105d Ko\u0142a nr 2 we W\u0142oszczowie","breadcrumb":{"@id":"https:\/\/zeirpkielce.pl\/index.php\/kola-powiatowe\/wloszczowa\/#breadcrumb"},"inLanguage":"pl-PL","potentialAction":[{"@type":"ReadAction","target":["https:\/\/zeirpkielce.pl\/index.php\/kola-powiatowe\/wloszczowa\/"]}]},{"@type":"BreadcrumbList","@id":"https:\/\/zeirpkielce.pl\/index.php\/kola-powiatowe\/wloszczowa\/#breadcrumb","itemListElement":[{"@type":"ListItem","position":1,"name":"Strona g\u0142\u00f3wna","item":"https:\/\/zeirpkielce.pl\/"},{"@type":"ListItem","position":2,"name":"Ko\u0142a Powiatowe","item":"https:\/\/zeirpkielce.pl\/index.php\/kola-powiatowe\/"},{"@type":"ListItem","position":3,"name":"W\u0142oszczowa"}]},{"@type":"WebSite","@id":"https:\/\/zeirpkielce.pl\/#website","url":"https:\/\/zeirpkielce.pl\/","name":"Zwi\u0105zek Emeryt\u00f3w i Rencist\u00f3w Po\u017carnictwa RP Oddzia\u0142 \u015awi\u0119tokrzyski","description":"","publisher":{"@id":"https:\/\/zeirpkielce.pl\/#organization"},"potentialAction":[{"@type":"SearchAction","target":{"@type":"EntryPoint","urlTemplate":"https:\/\/zeirpkielce.pl\/?s={search_term_string}"},"query-input":"required name=search_term_string"}],"inLanguage":"pl-PL"},{"@type":"Organization","@id":"https:\/\/zeirpkielce.pl\/#organization","name":"Zwi\u0105zek Emeryt\u00f3w i Rencist\u00f3w Po\u017carnictwa RP Oddzia\u0142 \u015awi\u0119tokrzyski","url":"https:\/\/zeirpkielce.pl\/","logo":{"@type":"ImageObject","inLanguage":"pl-PL","@id":"https:\/\/zeirpkielce.pl\/#\/schema\/logo\/image\/","url":"https:\/\/zeirpkielce.pl\/wp-content\/uploads\/2022\/12\/cropped-zeirprplogo.png","contentUrl":"https:\/\/zeirpkielce.pl\/wp-content\/uploads\/2022\/12\/cropped-zeirprplogo.png","width":248,"height":248,"caption":"Zwi\u0105zek Emeryt\u00f3w i Rencist\u00f3w Po\u017carnictwa RP Oddzia\u0142 \u015awi\u0119tokrzyski"},"image":{"@id":"https:\/\/zeirpkielce.pl\/#\/schema\/logo\/image\/"}}]}},"_links":{"self":[{"href":"https:\/\/zeirpkielce.pl\/index.php\/wp-json\/wp\/v2\/pages\/308","targetHints":{"allow":["GET"]}}],"collection":[{"href":"https:\/\/zeirpkielce.pl\/index.php\/wp-json\/wp\/v2\/pages"}],"about":[{"href":"https:\/\/zeirpkielce.pl\/index.php\/wp-json\/wp\/v2\/types\/page"}],"author":[{"embeddable":true,"href":"https:\/\/zeirpkielce.pl\/index.php\/wp-json\/wp\/v2\/users\/1"}],"replies":[{"embeddable":true,"href":"https:\/\/zeirpkielce.pl\/index.php\/wp-json\/wp\/v2\/comments?post=308"}],"version-history":[{"count":8,"href":"https:\/\/zeirpkielce.pl\/index.php\/wp-json\/wp\/v2\/pages\/308\/revisions"}],"predecessor-version":[{"id":562,"href":"https:\/\/zeirpkielce.pl\/index.php\/wp-json\/wp\/v2\/pages\/308\/revisions\/562"}],"up":[{"embeddable":true,"href":"https:\/\/zeirpkielce.pl\/index.php\/wp-json\/wp\/v2\/pages\/102"}],"wp:attachment":[{"href":"https:\/\/zeirpkielce.pl\/index.php\/wp-json\/wp\/v2\/media?parent=308"}],"curies":[{"name":"wp","href":"https:\/\/api.w.org\/{rel}","templated":true}]}}