{"id":306,"date":"2023-01-25T09:50:23","date_gmt":"2023-01-25T08:50:23","guid":{"rendered":"https:\/\/zeirpkielce.pl\/?page_id=306"},"modified":"2025-12-10T07:44:55","modified_gmt":"2025-12-10T06:44:55","slug":"kazimierza-wielka","status":"publish","type":"page","link":"https:\/\/zeirpkielce.pl\/index.php\/kola-powiatowe\/kazimierza-wielka\/","title":{"rendered":"Kazimierza Wielka"},"content":{"rendered":"\n<p style=\"font-size:32px\"><strong>Zarz\u0105d Ko\u0142a nr 1 w Kazimierzy Wielkiej<\/strong><\/p>\n\n\n\n<hr class=\"wp-block-separator has-alpha-channel-opacity\"\/>\n\n\n\n<p class=\"has-text-align-center\"><strong>28-500 Kazimierza Wielka, ul. Kolejowa 142<\/strong><br><strong>e-mail<\/strong>: <a href=\"mailto:kazimierza@zeirpkielce.pl\">kazimierza@zeirpkielce.pl<\/a><\/p>\n\n\n\n<hr class=\"wp-block-separator has-alpha-channel-opacity\"\/>\n\n\n\n<div class=\"wp-block-media-text alignwide is-stacked-on-mobile\" style=\"grid-template-columns:25% auto\"><figure class=\"wp-block-media-text__media\"><img loading=\"lazy\" decoding=\"async\" width=\"800\" height=\"878\" src=\"https:\/\/zeirpkielce.pl\/wp-content\/uploads\/2023\/01\/kazimierza.png\" alt=\"\" class=\"wp-image-381 size-full\" srcset=\"https:\/\/zeirpkielce.pl\/wp-content\/uploads\/2023\/01\/kazimierza.png 800w, https:\/\/zeirpkielce.pl\/wp-content\/uploads\/2023\/01\/kazimierza-273x300.png 273w, https:\/\/zeirpkielce.pl\/wp-content\/uploads\/2023\/01\/kazimierza-768x843.png 768w\" sizes=\"auto, (max-width: 800px) 100vw, 800px\" \/><\/figure><div class=\"wp-block-media-text__content\">\n<p><strong>Prezes \u2013 <\/strong>Janusz Bu\u0142a<br><strong>V-ce Prezes \u2013 <\/strong>Adam Skrzela<br><strong>Sekretarz \u2013 <\/strong>Andrzej Krupa<br><strong>Skarbnik \u2013 <\/strong>Pawe\u0142 Ksi\u0105\u017cek<br><strong>Przew. Komisji Rewiz. \u2013 <\/strong>W\u0142adys\u0142aw S\u0142upik<\/p>\n<\/div><\/div>\n","protected":false},"excerpt":{"rendered":"<p>Zarz\u0105d Ko\u0142a nr 1 w Kazimierzy Wielkiej 28-500 Kazimierza Wielka, ul. Kolejowa 142e-mail: kazimierza@zeirpkielce.pl Prezes \u2013 Janusz Bu\u0142aV-ce Prezes \u2013 Adam SkrzelaSekretarz \u2013 Andrzej KrupaSkarbnik \u2013 Pawe\u0142 Ksi\u0105\u017cekPrzew. Komisji Rewiz. \u2013 W\u0142adys\u0142aw S\u0142upik<\/p>\n","protected":false},"author":1,"featured_media":0,"parent":102,"menu_order":0,"comment_status":"closed","ping_status":"closed","template":"","meta":{"footnotes":""},"class_list":["post-306","page","type-page","status-publish","hentry"],"yoast_head":"<!-- This site is optimized with the Yoast SEO plugin v21.7 - https:\/\/yoast.com\/wordpress\/plugins\/seo\/ -->\n<title>Kazimierza Wielka - Zwi\u0105zek Emeryt\u00f3w i Rencist\u00f3w Po\u017carnictwa RP Oddzia\u0142 \u015awi\u0119tokrzyski<\/title>\n<meta name=\"description\" content=\"Zarz\u0105d Ko\u0142a nr 1 w Kazimierzy Wielkiej\" \/>\n<meta name=\"robots\" content=\"index, follow, max-snippet:-1, max-image-preview:large, max-video-preview:-1\" \/>\n<link rel=\"canonical\" href=\"https:\/\/zeirpkielce.pl\/index.php\/kola-powiatowe\/kazimierza-wielka\/\" \/>\n<meta property=\"og:locale\" content=\"pl_PL\" \/>\n<meta property=\"og:type\" content=\"article\" \/>\n<meta property=\"og:title\" content=\"Kazimierza Wielka - Zwi\u0105zek Emeryt\u00f3w i Rencist\u00f3w Po\u017carnictwa RP Oddzia\u0142 \u015awi\u0119tokrzyski\" \/>\n<meta property=\"og:description\" content=\"Zarz\u0105d Ko\u0142a nr 1 w Kazimierzy Wielkiej\" \/>\n<meta property=\"og:url\" content=\"https:\/\/zeirpkielce.pl\/index.php\/kola-powiatowe\/kazimierza-wielka\/\" \/>\n<meta property=\"og:site_name\" content=\"Zwi\u0105zek Emeryt\u00f3w i Rencist\u00f3w Po\u017carnictwa RP Oddzia\u0142 \u015awi\u0119tokrzyski\" \/>\n<meta property=\"article:modified_time\" content=\"2025-12-10T06:44:55+00:00\" \/>\n<meta property=\"og:image\" content=\"https:\/\/zeirpkielce.pl\/wp-content\/uploads\/2023\/01\/kazimierza.png\" \/>\n<meta name=\"twitter:card\" content=\"summary_large_image\" \/>\n<meta name=\"twitter:label1\" content=\"Szacowany czas czytania\" \/>\n\t<meta name=\"twitter:data1\" content=\"1 minuta\" \/>\n<script type=\"application\/ld+json\" class=\"yoast-schema-graph\">{\"@context\":\"https:\/\/schema.org\",\"@graph\":[{\"@type\":\"WebPage\",\"@id\":\"https:\/\/zeirpkielce.pl\/index.php\/kola-powiatowe\/kazimierza-wielka\/\",\"url\":\"https:\/\/zeirpkielce.pl\/index.php\/kola-powiatowe\/kazimierza-wielka\/\",\"name\":\"Kazimierza Wielka - Zwi\u0105zek Emeryt\u00f3w i Rencist\u00f3w Po\u017carnictwa RP Oddzia\u0142 \u015awi\u0119tokrzyski\",\"isPartOf\":{\"@id\":\"https:\/\/zeirpkielce.pl\/#website\"},\"datePublished\":\"2023-01-25T08:50:23+00:00\",\"dateModified\":\"2025-12-10T06:44:55+00:00\",\"description\":\"Zarz\u0105d Ko\u0142a nr 1 w Kazimierzy Wielkiej\",\"breadcrumb\":{\"@id\":\"https:\/\/zeirpkielce.pl\/index.php\/kola-powiatowe\/kazimierza-wielka\/#breadcrumb\"},\"inLanguage\":\"pl-PL\",\"potentialAction\":[{\"@type\":\"ReadAction\",\"target\":[\"https:\/\/zeirpkielce.pl\/index.php\/kola-powiatowe\/kazimierza-wielka\/\"]}]},{\"@type\":\"BreadcrumbList\",\"@id\":\"https:\/\/zeirpkielce.pl\/index.php\/kola-powiatowe\/kazimierza-wielka\/#breadcrumb\",\"itemListElement\":[{\"@type\":\"ListItem\",\"position\":1,\"name\":\"Strona g\u0142\u00f3wna\",\"item\":\"https:\/\/zeirpkielce.pl\/\"},{\"@type\":\"ListItem\",\"position\":2,\"name\":\"Ko\u0142a Powiatowe\",\"item\":\"https:\/\/zeirpkielce.pl\/index.php\/kola-powiatowe\/\"},{\"@type\":\"ListItem\",\"position\":3,\"name\":\"Kazimierza Wielka\"}]},{\"@type\":\"WebSite\",\"@id\":\"https:\/\/zeirpkielce.pl\/#website\",\"url\":\"https:\/\/zeirpkielce.pl\/\",\"name\":\"Zwi\u0105zek Emeryt\u00f3w i Rencist\u00f3w Po\u017carnictwa RP Oddzia\u0142 \u015awi\u0119tokrzyski\",\"description\":\"\",\"publisher\":{\"@id\":\"https:\/\/zeirpkielce.pl\/#organization\"},\"potentialAction\":[{\"@type\":\"SearchAction\",\"target\":{\"@type\":\"EntryPoint\",\"urlTemplate\":\"https:\/\/zeirpkielce.pl\/?s={search_term_string}\"},\"query-input\":\"required name=search_term_string\"}],\"inLanguage\":\"pl-PL\"},{\"@type\":\"Organization\",\"@id\":\"https:\/\/zeirpkielce.pl\/#organization\",\"name\":\"Zwi\u0105zek Emeryt\u00f3w i Rencist\u00f3w Po\u017carnictwa RP Oddzia\u0142 \u015awi\u0119tokrzyski\",\"url\":\"https:\/\/zeirpkielce.pl\/\",\"logo\":{\"@type\":\"ImageObject\",\"inLanguage\":\"pl-PL\",\"@id\":\"https:\/\/zeirpkielce.pl\/#\/schema\/logo\/image\/\",\"url\":\"https:\/\/zeirpkielce.pl\/wp-content\/uploads\/2022\/12\/cropped-zeirprplogo.png\",\"contentUrl\":\"https:\/\/zeirpkielce.pl\/wp-content\/uploads\/2022\/12\/cropped-zeirprplogo.png\",\"width\":248,\"height\":248,\"caption\":\"Zwi\u0105zek Emeryt\u00f3w i Rencist\u00f3w Po\u017carnictwa RP Oddzia\u0142 \u015awi\u0119tokrzyski\"},\"image\":{\"@id\":\"https:\/\/zeirpkielce.pl\/#\/schema\/logo\/image\/\"}}]}<\/script>\n<!-- \/ Yoast SEO plugin. -->","yoast_head_json":{"title":"Kazimierza Wielka - Zwi\u0105zek Emeryt\u00f3w i Rencist\u00f3w Po\u017carnictwa RP Oddzia\u0142 \u015awi\u0119tokrzyski","description":"Zarz\u0105d Ko\u0142a nr 1 w Kazimierzy Wielkiej","robots":{"index":"index","follow":"follow","max-snippet":"max-snippet:-1","max-image-preview":"max-image-preview:large","max-video-preview":"max-video-preview:-1"},"canonical":"https:\/\/zeirpkielce.pl\/index.php\/kola-powiatowe\/kazimierza-wielka\/","og_locale":"pl_PL","og_type":"article","og_title":"Kazimierza Wielka - Zwi\u0105zek Emeryt\u00f3w i Rencist\u00f3w Po\u017carnictwa RP Oddzia\u0142 \u015awi\u0119tokrzyski","og_description":"Zarz\u0105d Ko\u0142a nr 1 w Kazimierzy Wielkiej","og_url":"https:\/\/zeirpkielce.pl\/index.php\/kola-powiatowe\/kazimierza-wielka\/","og_site_name":"Zwi\u0105zek Emeryt\u00f3w i Rencist\u00f3w Po\u017carnictwa RP Oddzia\u0142 \u015awi\u0119tokrzyski","article_modified_time":"2025-12-10T06:44:55+00:00","og_image":[{"url":"https:\/\/zeirpkielce.pl\/wp-content\/uploads\/2023\/01\/kazimierza.png"}],"twitter_card":"summary_large_image","twitter_misc":{"Szacowany czas czytania":"1 minuta"},"schema":{"@context":"https:\/\/schema.org","@graph":[{"@type":"WebPage","@id":"https:\/\/zeirpkielce.pl\/index.php\/kola-powiatowe\/kazimierza-wielka\/","url":"https:\/\/zeirpkielce.pl\/index.php\/kola-powiatowe\/kazimierza-wielka\/","name":"Kazimierza Wielka - Zwi\u0105zek Emeryt\u00f3w i Rencist\u00f3w Po\u017carnictwa RP Oddzia\u0142 \u015awi\u0119tokrzyski","isPartOf":{"@id":"https:\/\/zeirpkielce.pl\/#website"},"datePublished":"2023-01-25T08:50:23+00:00","dateModified":"2025-12-10T06:44:55+00:00","description":"Zarz\u0105d Ko\u0142a nr 1 w Kazimierzy Wielkiej","breadcrumb":{"@id":"https:\/\/zeirpkielce.pl\/index.php\/kola-powiatowe\/kazimierza-wielka\/#breadcrumb"},"inLanguage":"pl-PL","potentialAction":[{"@type":"ReadAction","target":["https:\/\/zeirpkielce.pl\/index.php\/kola-powiatowe\/kazimierza-wielka\/"]}]},{"@type":"BreadcrumbList","@id":"https:\/\/zeirpkielce.pl\/index.php\/kola-powiatowe\/kazimierza-wielka\/#breadcrumb","itemListElement":[{"@type":"ListItem","position":1,"name":"Strona g\u0142\u00f3wna","item":"https:\/\/zeirpkielce.pl\/"},{"@type":"ListItem","position":2,"name":"Ko\u0142a Powiatowe","item":"https:\/\/zeirpkielce.pl\/index.php\/kola-powiatowe\/"},{"@type":"ListItem","position":3,"name":"Kazimierza Wielka"}]},{"@type":"WebSite","@id":"https:\/\/zeirpkielce.pl\/#website","url":"https:\/\/zeirpkielce.pl\/","name":"Zwi\u0105zek Emeryt\u00f3w i Rencist\u00f3w Po\u017carnictwa RP Oddzia\u0142 \u015awi\u0119tokrzyski","description":"","publisher":{"@id":"https:\/\/zeirpkielce.pl\/#organization"},"potentialAction":[{"@type":"SearchAction","target":{"@type":"EntryPoint","urlTemplate":"https:\/\/zeirpkielce.pl\/?s={search_term_string}"},"query-input":"required name=search_term_string"}],"inLanguage":"pl-PL"},{"@type":"Organization","@id":"https:\/\/zeirpkielce.pl\/#organization","name":"Zwi\u0105zek Emeryt\u00f3w i Rencist\u00f3w Po\u017carnictwa RP Oddzia\u0142 \u015awi\u0119tokrzyski","url":"https:\/\/zeirpkielce.pl\/","logo":{"@type":"ImageObject","inLanguage":"pl-PL","@id":"https:\/\/zeirpkielce.pl\/#\/schema\/logo\/image\/","url":"https:\/\/zeirpkielce.pl\/wp-content\/uploads\/2022\/12\/cropped-zeirprplogo.png","contentUrl":"https:\/\/zeirpkielce.pl\/wp-content\/uploads\/2022\/12\/cropped-zeirprplogo.png","width":248,"height":248,"caption":"Zwi\u0105zek Emeryt\u00f3w i Rencist\u00f3w Po\u017carnictwa RP Oddzia\u0142 \u015awi\u0119tokrzyski"},"image":{"@id":"https:\/\/zeirpkielce.pl\/#\/schema\/logo\/image\/"}}]}},"_links":{"self":[{"href":"https:\/\/zeirpkielce.pl\/index.php\/wp-json\/wp\/v2\/pages\/306","targetHints":{"allow":["GET"]}}],"collection":[{"href":"https:\/\/zeirpkielce.pl\/index.php\/wp-json\/wp\/v2\/pages"}],"about":[{"href":"https:\/\/zeirpkielce.pl\/index.php\/wp-json\/wp\/v2\/types\/page"}],"author":[{"embeddable":true,"href":"https:\/\/zeirpkielce.pl\/index.php\/wp-json\/wp\/v2\/users\/1"}],"replies":[{"embeddable":true,"href":"https:\/\/zeirpkielce.pl\/index.php\/wp-json\/wp\/v2\/comments?post=306"}],"version-history":[{"count":22,"href":"https:\/\/zeirpkielce.pl\/index.php\/wp-json\/wp\/v2\/pages\/306\/revisions"}],"predecessor-version":[{"id":659,"href":"https:\/\/zeirpkielce.pl\/index.php\/wp-json\/wp\/v2\/pages\/306\/revisions\/659"}],"up":[{"embeddable":true,"href":"https:\/\/zeirpkielce.pl\/index.php\/wp-json\/wp\/v2\/pages\/102"}],"wp:attachment":[{"href":"https:\/\/zeirpkielce.pl\/index.php\/wp-json\/wp\/v2\/media?parent=306"}],"curies":[{"name":"wp","href":"https:\/\/api.w.org\/{rel}","templated":true}]}}