{"id":15,"date":"2022-12-20T09:30:15","date_gmt":"2022-12-20T08:30:15","guid":{"rendered":"https:\/\/zeirpkielce.pl\/?page_id=15"},"modified":"2024-01-17T13:06:34","modified_gmt":"2024-01-17T12:06:34","slug":"duszpasterz-zwiazku","status":"publish","type":"page","link":"https:\/\/zeirpkielce.pl\/index.php\/duszpasterz-zwiazku\/","title":{"rendered":"Duszpasterz zwi\u0105zku"},"content":{"rendered":"\n<p><strong>Historia \u015bw. Floriana<\/strong><\/p>\n\n\n\n<p>\u015awi\u0119ty Florian \u201eprzyby\u0142\u201d do polski z W\u0142och w 1184 r., gdy przywieziono jego relikwie do Krakowa. Inicjatorem sprowadzenia relikwii jakiegokolwiek \u015bwi\u0119tego by\u0142 biskup krakowski Gedko, pragn\u0105cy podnie\u015b\u0107 znaczenie miasta. Maj\u0105c poparcie\u00a0 ksi\u0119cia Kazimierza Sprawiedliwego zwr\u00f3ci\u0142 si\u0119 do papie\u017ca Lucjusza III ze stosowna pro\u015bb\u0105. Wyb\u00f3r poparcia pad\u0142 na \u015bw. Floriana, m\u0119czennika. Poselstwo polskie zmierza\u0142o z cennym darem do Krakowa, jednak, wed\u0142ug legendy, konie zatrzyma\u0142y si\u0119 przed miastem\u00a0 nie chcia\u0142y ruszy\u0107. Uznano to za wskaz\u00f3wk\u0119, gdzie umie\u015bci\u0107 relikwie i rzeczywi\u015bcie poza murami miasta zbudowano ko\u015bci\u00f3\u0142 pod wezwaniem \u015bw. Floriana. Stoi on do dzisiejszego dnia naprzeciw Bramy floria\u0144skiej, przy placu Matejki w Krakowie.\u00a0 By\u0142 cz\u0119sto niszczony przez najazdy i po\u017cary, poniewa\u017c zbudowano go poza murami miejskimi. Zawsze jednak wznoszono go na nowo. Kult \u015bw. Floriana upowszechni\u0142 si\u0119 dopiero w XV wieku, jako or\u0119downika w obronie przed po\u017carem.<\/p>\n\n\n\n<p>Florian by\u0142 \u017co\u0142nierzem lub urz\u0119dnikiem w cesarstwie rzymskim w czasach panowania cesarza Dioklecjana, na prze\u0142omie III i IV wieku. Wtedy w\u0142a\u015bnie rozpocz\u0119\u0142a si\u0119 wielka fala prze\u015bladowa\u0144 chrze\u015bcijan.<br>Dioklecjan uznawa\u0142 si\u0119 za po\u015brednika mi\u0119dzy bogami i lud\u017ami i wykonawc\u0105 ich woli. Jako wybraniec Jowisza \u017c\u0105da\u0142 pos\u0142usze\u0144stwa poddanych, poniewa\u017c od bog\u00f3w pochodzi\u0142a jego w\u0142adza. Dioklecjan odnowi\u0142 kult rzymskich b\u00f3stw i by\u0142 nieprzejednanym wrogiem chrze\u015bcija\u0144stwa.<\/p>\n\n\n\n<p>W 302 r. cesarz usun\u0105\u0142 chrze\u015bcijan z wojska i urz\u0119d\u00f3w, a w dw\u00f3ch nast\u0119pnych latach wyda\u0142 przeciw nim cztery edykty. Pierwszy zawiera\u0142 zakaz kultu. Urz\u0119dnicy cesarscy za\u017c\u0105dali zwrotu naczy\u0144 liturgicznych i ksi\u0105g. Zarz\u0105dzono zburzenie ko\u015bcio\u0142\u00f3w. Drugi elekt przewidywa\u0142 aresztowanie wszystkich duchownych chrze\u015bcija\u0144skich. Trzeci zapowiada\u0142 amnesti\u0119 i uwolnienie z wi\u0119zie\u0144 tych chrze\u015bcijan, kt\u00f3rzy wezm\u0105 udzia\u0142 w sk\u0142adaniu ofiar bogom rzymskim. Akt z\u0142o\u017cenia ofiary traktowano jako swego rodzaju wyznaniu wiary w bog\u00f3w i wyparcie si\u0119 Chrystusa. Czwarty edykt nakazywa\u0142 wszystkim mieszka\u0144com cesarstwa z\u0142o\u017cy\u0107 ofiar\u0119 bogom pod gro\u017ab\u0105 surowych kar : zes\u0142ania do pracy w kopalniach, tortur i \u015bmierci. Prze\u015bladowania chrze\u015bcijan, wywo\u0142ane polityka religijn\u0105 Dioklecjana, trwa\u0142y do 311 r.<\/p>\n\n\n\n<p>Okres prze\u015bladowa\u0144 da\u0142 jednak Ko\u015bcio\u0142owi m\u0119czennik\u00f3w, \u015bwiadcz\u0105cych \u017cyciem za prawdziwo\u015b\u0107 wiary. Jednym z nich by\u0142 Florian. \u017by\u0142 w p\u00f3\u0142nocnej prowincji cesarstwa Noricum (dzisiejsza Austria). W okresie prze\u015bladowa\u0144 jawnie popiera\u0142 chrze\u015bcijan i zach\u0119ca\u0142 do wytrwania.\u00a0 Zosta\u0142 aresztowany i za\u017c\u0105dano od niego z\u0142o\u017cenia ofiary bogom. Gdy odm\u00f3wi\u0142, zam\u0119czono go i utopiono w rzece Enns, dnia 04 maja 304 r.. Tego dnia obchodzi si\u0119 do dzi\u015b jego \u015bwi\u0119to.<\/p>\n\n\n\n<p>\u015aw. Florian sta\u0142 si\u0119 patronem diecezji wiede\u0144skiej i opiekunem stra\u017cak\u00f3w. Na og\u00f3\u0142 przedstawia si\u0119 go jako rzymskiego legionist\u0119. W boche\u0144skim ko\u015bciele Piotr Kornecki przedstawia go jako rycerza w zbroi z chor\u0105gwi\u0105 w lewej r\u0119ce. Lekko pochylony prawa r\u0119k\u0105 gasi po\u017car, wylewaj\u0105c wod\u0119 na rozszerzaj\u0105cy si\u0119 p\u0142omie\u0144.<\/p>\n\n\n\n<p>Nadal jednak jest uwa\u017cany za patrona stra\u017cak\u00f3w, hutnik\u00f3w i kominiarzy.<\/p>\n\n\n\n<p><em>\u0179r\u00f3d\u0142o : Modlitewnik stra\u017caka. WiDDR, Rzesz\u00f3w 2011.<\/em><\/p>\n\n\n\n<p><strong>\u015aw. Florian w Polsce<\/strong><\/p>\n\n\n\n<p>Do Polski \u015bw. Florian trafi\u0142 za spraw\u0105 ksi\u0119cia Kazimierza Sprawiedliwego (<em>syna Boles\u0142awa Krzywoustego<\/em>), kiedy to w roku 1184na jego pro\u015bb\u0119 Krak\u00f3w otrzyma\u0142 cz\u0119\u015b\u0107 relikwii, dla kt\u00f3rych w dzielnicy zwanej Kleparz, wybudowano okaza\u0142\u0105 \u015bwi\u0105tyni\u0119.<\/p>\n\n\n\n<p>Ku czci \u015awi\u0119tego Floriana wystawiono wiele ko\u015bcio\u0142\u00f3w, w tym liczne Polsce, a do najs\u0142ynniejszych nale\u017c\u0105 \u015awi\u0105tynie w Krakowie, Kobrzewicy, W\u0105chocku, Sulejowie i w Warszawie.<\/p>\n\n\n\n<p>Kult \u015aw. Floriana wzr\u00f3s\u0142 po roku 1528, kiedy to sp\u0142on\u0119\u0142a ca\u0142a dzielnica Krakowa \u2013 Kleparz, a ocala\u0142 jedynie Ko\u015bci\u00f3\u0142 \u015bw. Floriana.<\/p>\n\n\n\n<p>Odt\u0105d w kraju zacz\u0119to czci\u0107 \u015aw. Floriana, jako patrona ognia i opiekuna Stra\u017cy Po\u017carnych. Posta\u0107 i wizerunki \u015awi\u0119tego zacz\u0119\u0142y pojawia\u0107 si\u0119 nie tylko w ko\u015bcio\u0142ach, ale i na pa\u0142acach. W Polsce do najokazalszych nale\u017cy figura \u015awi\u0119tego w Limanowej, stanowi\u0105ca prawdziw\u0105 ozdob\u0119 rynku.<\/p>\n\n\n\n<p><strong>Kult \u015bw. Floriana w stra\u017cach.<\/strong><\/p>\n\n\n\n<p>Tradycje zwi\u0105zane ze \u015aw. Florianem wzros\u0142y w okresie zabor\u00f3w. Najwcze\u015bniej na terenie Galicji, ze wzgl\u0119du na zwi\u0105zki z Austri\u0105. Na terenach zabor\u00f3w bowiem powstawa\u0142y liczne stra\u017ce po\u017carne, jedne z niewielu organizacji, na kt\u00f3re pozwolili zaborcy, a kt\u00f3re stanowi\u0142y ostoj\u0119 polsko\u015bci.<\/p>\n\n\n\n<p>Na sztandarach tych jednostek widnia\u0142 wizerunek \u015aw. Floriana, a \u015bwi\u0119to stra\u017cackie obchodzone by\u0142o tradycyjnie 4 maja, by\u0142o zawsze wydarzeniem integruj\u0105cym miejscow\u0105 spo\u0142eczno\u015b\u0107.<\/p>\n\n\n\n<p>\u015aw. Florian jest wzorem cz\u0142owieka nieugi\u0119tego w swych przekonaniach, jest wzorem wierno\u015bci wyznawanej wiary, jest wzorem odwagi. M\u00f3g\u0142 \u017cy\u0107 d\u0142u\u017cej. Nara\u017ca\u0142 si\u0119 dla przyjaci\u00f3\u0142. Chcia\u0142 ul\u017cy\u0107 w cierpieniu, chcia\u0142 im pom\u00f3c. Sta\u0142o si\u0119 inaczej. Pad\u0142 ofiar\u0105 w\u0142asnej ofiarno\u015bci. Sta\u0142 si\u0119 przyk\u0142adem m\u0119stwa.<\/p>\n\n\n\n<p>Takim wzorem jest \u015bw. Florian dla licznych ju\u017c stra\u017cackich pokole\u0144.<\/p>\n\n\n\n<p>Po\u017carnictwo polskie po wielu latach, wr\u00f3ci\u0142o na pocz\u0105tku transformacji ustrojowej, do najszczytniejszych tradycji, do obchod\u00f3w Dnia Stra\u017caka w dniu 4 maja, na dzie\u0144 \u015awi\u0119tego Floriana.<\/p>\n\n\n\n<p>Dla przypomnienia, to do tego czasu Dzie\u0144 Stra\u017caka obchodzony by\u0142 w trzeci\u0105 niedziel\u0119 maja i inaugurowa\u0142 on Dni Ochrony Przeciwpo\u017carowej, kt\u00f3re trwa\u0142y tydzie\u0144.<\/p>\n\n\n\n<p>Na sztandarach stra\u017cackich, g\u0142ownie jednostek zawodowych, w tym czasie nie by\u0142o jeszcze naszego Patrona \u2013 \u015awi\u0119tego Floriana. Teraz na tych sztandarach, jak dawniej widnieje posta\u0107 \u015bw. Floriana. Rozwijaj\u0105 si\u0119 sztandary nad g\u0142owami stra\u017cak\u00f3w podczas wi\u0119kszych uroczysto\u015bci pa\u0144stwowych, ko\u015bcielnych, a zw\u0142aszcza floria\u0144skich w majowe dni. Pochylaj\u0105 si\u0119 kornie przed o\u0142tarzami i smutnie nad stra\u017cackimi mogi\u0142ami. S\u0105 sztandary znakami gromadz\u0105cymi wok\u00f3\u0142 siebie ludzi z\u0142\u0105czonych idea\u0142em s\u0142u\u017cenia pomoc\u0105 bli\u017aniemu w chwilach \u017cywio\u0142owych kl\u0119sk i zagro\u017ce\u0144 \u017cycia.<\/p>\n\n\n\n<p>\u201e<em>W s\u0142u\u017cbie Ojczyzny\u201e <\/em>g\u0142osi napis na sztandarach. S\u0142u\u017cba to trud i obowi\u0105zek, s\u0142u\u017cba to po\u015bwi\u0119cenie. \u201e<em>Kto ojczy\u017anie swej s\u0142u\u017cy, sam sobie s\u0142u\u017cy\u201e <\/em>g\u0142osi\u0142 przed wiekami kaznodzieja sejmowy ks. Piotr Skarga.<\/p>\n","protected":false},"excerpt":{"rendered":"<p>Historia \u015bw. Floriana \u015awi\u0119ty Florian \u201eprzyby\u0142\u201d do polski z W\u0142och w 1184 r., gdy przywieziono jego relikwie do Krakowa. Inicjatorem sprowadzenia relikwii jakiegokolwiek \u015bwi\u0119tego by\u0142 biskup krakowski Gedko, pragn\u0105cy podnie\u015b\u0107 znaczenie miasta. Maj\u0105c poparcie\u00a0 ksi\u0119cia Kazimierza Sprawiedliwego zwr\u00f3ci\u0142 si\u0119 do papie\u017ca Lucjusza III ze stosowna pro\u015bb\u0105. Wyb\u00f3r poparcia pad\u0142 na \u015bw. Floriana, m\u0119czennika. Poselstwo polskie &hellip; <a href=\"https:\/\/zeirpkielce.pl\/index.php\/duszpasterz-zwiazku\/\" class=\"more-link\">Czytaj dalej <span class=\"screen-reader-text\">Duszpasterz zwi\u0105zku<\/span><\/a><\/p>\n","protected":false},"author":1,"featured_media":0,"parent":0,"menu_order":0,"comment_status":"closed","ping_status":"closed","template":"","meta":{"footnotes":""},"class_list":["post-15","page","type-page","status-publish","hentry"],"yoast_head":"<!-- This site is optimized with the Yoast SEO plugin v21.7 - https:\/\/yoast.com\/wordpress\/plugins\/seo\/ -->\n<title>Duszpasterz zwi\u0105zku - Zwi\u0105zek Emeryt\u00f3w i Rencist\u00f3w Po\u017carnictwa RP Oddzia\u0142 \u015awi\u0119tokrzyski<\/title>\n<meta name=\"robots\" content=\"index, follow, max-snippet:-1, max-image-preview:large, max-video-preview:-1\" \/>\n<link rel=\"canonical\" href=\"https:\/\/zeirpkielce.pl\/index.php\/duszpasterz-zwiazku\/\" \/>\n<meta property=\"og:locale\" content=\"pl_PL\" \/>\n<meta property=\"og:type\" content=\"article\" \/>\n<meta property=\"og:title\" content=\"Duszpasterz zwi\u0105zku - Zwi\u0105zek Emeryt\u00f3w i Rencist\u00f3w Po\u017carnictwa RP Oddzia\u0142 \u015awi\u0119tokrzyski\" \/>\n<meta property=\"og:description\" content=\"Historia \u015bw. Floriana \u015awi\u0119ty Florian \u201eprzyby\u0142\u201d do polski z W\u0142och w 1184 r., gdy przywieziono jego relikwie do Krakowa. Inicjatorem sprowadzenia relikwii jakiegokolwiek \u015bwi\u0119tego by\u0142 biskup krakowski Gedko, pragn\u0105cy podnie\u015b\u0107 znaczenie miasta. Maj\u0105c poparcie\u00a0 ksi\u0119cia Kazimierza Sprawiedliwego zwr\u00f3ci\u0142 si\u0119 do papie\u017ca Lucjusza III ze stosowna pro\u015bb\u0105. Wyb\u00f3r poparcia pad\u0142 na \u015bw. Floriana, m\u0119czennika. Poselstwo polskie &hellip; Czytaj dalej Duszpasterz zwi\u0105zku\" \/>\n<meta property=\"og:url\" content=\"https:\/\/zeirpkielce.pl\/index.php\/duszpasterz-zwiazku\/\" \/>\n<meta property=\"og:site_name\" content=\"Zwi\u0105zek Emeryt\u00f3w i Rencist\u00f3w Po\u017carnictwa RP Oddzia\u0142 \u015awi\u0119tokrzyski\" \/>\n<meta property=\"article:modified_time\" content=\"2024-01-17T12:06:34+00:00\" \/>\n<meta name=\"twitter:card\" content=\"summary_large_image\" \/>\n<meta name=\"twitter:label1\" content=\"Szacowany czas czytania\" \/>\n\t<meta name=\"twitter:data1\" content=\"5 minut\" \/>\n<script type=\"application\/ld+json\" class=\"yoast-schema-graph\">{\"@context\":\"https:\/\/schema.org\",\"@graph\":[{\"@type\":\"WebPage\",\"@id\":\"https:\/\/zeirpkielce.pl\/index.php\/duszpasterz-zwiazku\/\",\"url\":\"https:\/\/zeirpkielce.pl\/index.php\/duszpasterz-zwiazku\/\",\"name\":\"Duszpasterz zwi\u0105zku - Zwi\u0105zek Emeryt\u00f3w i Rencist\u00f3w Po\u017carnictwa RP Oddzia\u0142 \u015awi\u0119tokrzyski\",\"isPartOf\":{\"@id\":\"https:\/\/zeirpkielce.pl\/#website\"},\"datePublished\":\"2022-12-20T08:30:15+00:00\",\"dateModified\":\"2024-01-17T12:06:34+00:00\",\"breadcrumb\":{\"@id\":\"https:\/\/zeirpkielce.pl\/index.php\/duszpasterz-zwiazku\/#breadcrumb\"},\"inLanguage\":\"pl-PL\",\"potentialAction\":[{\"@type\":\"ReadAction\",\"target\":[\"https:\/\/zeirpkielce.pl\/index.php\/duszpasterz-zwiazku\/\"]}]},{\"@type\":\"BreadcrumbList\",\"@id\":\"https:\/\/zeirpkielce.pl\/index.php\/duszpasterz-zwiazku\/#breadcrumb\",\"itemListElement\":[{\"@type\":\"ListItem\",\"position\":1,\"name\":\"Strona g\u0142\u00f3wna\",\"item\":\"https:\/\/zeirpkielce.pl\/\"},{\"@type\":\"ListItem\",\"position\":2,\"name\":\"Duszpasterz zwi\u0105zku\"}]},{\"@type\":\"WebSite\",\"@id\":\"https:\/\/zeirpkielce.pl\/#website\",\"url\":\"https:\/\/zeirpkielce.pl\/\",\"name\":\"Zwi\u0105zek Emeryt\u00f3w i Rencist\u00f3w Po\u017carnictwa RP Oddzia\u0142 \u015awi\u0119tokrzyski\",\"description\":\"\",\"publisher\":{\"@id\":\"https:\/\/zeirpkielce.pl\/#organization\"},\"potentialAction\":[{\"@type\":\"SearchAction\",\"target\":{\"@type\":\"EntryPoint\",\"urlTemplate\":\"https:\/\/zeirpkielce.pl\/?s={search_term_string}\"},\"query-input\":\"required name=search_term_string\"}],\"inLanguage\":\"pl-PL\"},{\"@type\":\"Organization\",\"@id\":\"https:\/\/zeirpkielce.pl\/#organization\",\"name\":\"Zwi\u0105zek Emeryt\u00f3w i Rencist\u00f3w Po\u017carnictwa RP Oddzia\u0142 \u015awi\u0119tokrzyski\",\"url\":\"https:\/\/zeirpkielce.pl\/\",\"logo\":{\"@type\":\"ImageObject\",\"inLanguage\":\"pl-PL\",\"@id\":\"https:\/\/zeirpkielce.pl\/#\/schema\/logo\/image\/\",\"url\":\"https:\/\/zeirpkielce.pl\/wp-content\/uploads\/2022\/12\/cropped-zeirprplogo.png\",\"contentUrl\":\"https:\/\/zeirpkielce.pl\/wp-content\/uploads\/2022\/12\/cropped-zeirprplogo.png\",\"width\":248,\"height\":248,\"caption\":\"Zwi\u0105zek Emeryt\u00f3w i Rencist\u00f3w Po\u017carnictwa RP Oddzia\u0142 \u015awi\u0119tokrzyski\"},\"image\":{\"@id\":\"https:\/\/zeirpkielce.pl\/#\/schema\/logo\/image\/\"}}]}<\/script>\n<!-- \/ Yoast SEO plugin. -->","yoast_head_json":{"title":"Duszpasterz zwi\u0105zku - Zwi\u0105zek Emeryt\u00f3w i Rencist\u00f3w Po\u017carnictwa RP Oddzia\u0142 \u015awi\u0119tokrzyski","robots":{"index":"index","follow":"follow","max-snippet":"max-snippet:-1","max-image-preview":"max-image-preview:large","max-video-preview":"max-video-preview:-1"},"canonical":"https:\/\/zeirpkielce.pl\/index.php\/duszpasterz-zwiazku\/","og_locale":"pl_PL","og_type":"article","og_title":"Duszpasterz zwi\u0105zku - Zwi\u0105zek Emeryt\u00f3w i Rencist\u00f3w Po\u017carnictwa RP Oddzia\u0142 \u015awi\u0119tokrzyski","og_description":"Historia \u015bw. Floriana \u015awi\u0119ty Florian \u201eprzyby\u0142\u201d do polski z W\u0142och w 1184 r., gdy przywieziono jego relikwie do Krakowa. Inicjatorem sprowadzenia relikwii jakiegokolwiek \u015bwi\u0119tego by\u0142 biskup krakowski Gedko, pragn\u0105cy podnie\u015b\u0107 znaczenie miasta. Maj\u0105c poparcie\u00a0 ksi\u0119cia Kazimierza Sprawiedliwego zwr\u00f3ci\u0142 si\u0119 do papie\u017ca Lucjusza III ze stosowna pro\u015bb\u0105. Wyb\u00f3r poparcia pad\u0142 na \u015bw. Floriana, m\u0119czennika. Poselstwo polskie &hellip; Czytaj dalej Duszpasterz zwi\u0105zku","og_url":"https:\/\/zeirpkielce.pl\/index.php\/duszpasterz-zwiazku\/","og_site_name":"Zwi\u0105zek Emeryt\u00f3w i Rencist\u00f3w Po\u017carnictwa RP Oddzia\u0142 \u015awi\u0119tokrzyski","article_modified_time":"2024-01-17T12:06:34+00:00","twitter_card":"summary_large_image","twitter_misc":{"Szacowany czas czytania":"5 minut"},"schema":{"@context":"https:\/\/schema.org","@graph":[{"@type":"WebPage","@id":"https:\/\/zeirpkielce.pl\/index.php\/duszpasterz-zwiazku\/","url":"https:\/\/zeirpkielce.pl\/index.php\/duszpasterz-zwiazku\/","name":"Duszpasterz zwi\u0105zku - Zwi\u0105zek Emeryt\u00f3w i Rencist\u00f3w Po\u017carnictwa RP Oddzia\u0142 \u015awi\u0119tokrzyski","isPartOf":{"@id":"https:\/\/zeirpkielce.pl\/#website"},"datePublished":"2022-12-20T08:30:15+00:00","dateModified":"2024-01-17T12:06:34+00:00","breadcrumb":{"@id":"https:\/\/zeirpkielce.pl\/index.php\/duszpasterz-zwiazku\/#breadcrumb"},"inLanguage":"pl-PL","potentialAction":[{"@type":"ReadAction","target":["https:\/\/zeirpkielce.pl\/index.php\/duszpasterz-zwiazku\/"]}]},{"@type":"BreadcrumbList","@id":"https:\/\/zeirpkielce.pl\/index.php\/duszpasterz-zwiazku\/#breadcrumb","itemListElement":[{"@type":"ListItem","position":1,"name":"Strona g\u0142\u00f3wna","item":"https:\/\/zeirpkielce.pl\/"},{"@type":"ListItem","position":2,"name":"Duszpasterz zwi\u0105zku"}]},{"@type":"WebSite","@id":"https:\/\/zeirpkielce.pl\/#website","url":"https:\/\/zeirpkielce.pl\/","name":"Zwi\u0105zek Emeryt\u00f3w i Rencist\u00f3w Po\u017carnictwa RP Oddzia\u0142 \u015awi\u0119tokrzyski","description":"","publisher":{"@id":"https:\/\/zeirpkielce.pl\/#organization"},"potentialAction":[{"@type":"SearchAction","target":{"@type":"EntryPoint","urlTemplate":"https:\/\/zeirpkielce.pl\/?s={search_term_string}"},"query-input":"required name=search_term_string"}],"inLanguage":"pl-PL"},{"@type":"Organization","@id":"https:\/\/zeirpkielce.pl\/#organization","name":"Zwi\u0105zek Emeryt\u00f3w i Rencist\u00f3w Po\u017carnictwa RP Oddzia\u0142 \u015awi\u0119tokrzyski","url":"https:\/\/zeirpkielce.pl\/","logo":{"@type":"ImageObject","inLanguage":"pl-PL","@id":"https:\/\/zeirpkielce.pl\/#\/schema\/logo\/image\/","url":"https:\/\/zeirpkielce.pl\/wp-content\/uploads\/2022\/12\/cropped-zeirprplogo.png","contentUrl":"https:\/\/zeirpkielce.pl\/wp-content\/uploads\/2022\/12\/cropped-zeirprplogo.png","width":248,"height":248,"caption":"Zwi\u0105zek Emeryt\u00f3w i Rencist\u00f3w Po\u017carnictwa RP Oddzia\u0142 \u015awi\u0119tokrzyski"},"image":{"@id":"https:\/\/zeirpkielce.pl\/#\/schema\/logo\/image\/"}}]}},"_links":{"self":[{"href":"https:\/\/zeirpkielce.pl\/index.php\/wp-json\/wp\/v2\/pages\/15","targetHints":{"allow":["GET"]}}],"collection":[{"href":"https:\/\/zeirpkielce.pl\/index.php\/wp-json\/wp\/v2\/pages"}],"about":[{"href":"https:\/\/zeirpkielce.pl\/index.php\/wp-json\/wp\/v2\/types\/page"}],"author":[{"embeddable":true,"href":"https:\/\/zeirpkielce.pl\/index.php\/wp-json\/wp\/v2\/users\/1"}],"replies":[{"embeddable":true,"href":"https:\/\/zeirpkielce.pl\/index.php\/wp-json\/wp\/v2\/comments?post=15"}],"version-history":[{"count":2,"href":"https:\/\/zeirpkielce.pl\/index.php\/wp-json\/wp\/v2\/pages\/15\/revisions"}],"predecessor-version":[{"id":501,"href":"https:\/\/zeirpkielce.pl\/index.php\/wp-json\/wp\/v2\/pages\/15\/revisions\/501"}],"wp:attachment":[{"href":"https:\/\/zeirpkielce.pl\/index.php\/wp-json\/wp\/v2\/media?parent=15"}],"curies":[{"name":"wp","href":"https:\/\/api.w.org\/{rel}","templated":true}]}}