{"id":102,"date":"2022-12-21T15:13:54","date_gmt":"2022-12-21T14:13:54","guid":{"rendered":"https:\/\/zeirpkielce.pl\/?page_id=102"},"modified":"2023-01-25T12:16:42","modified_gmt":"2023-01-25T11:16:42","slug":"kola-powiatowe","status":"publish","type":"page","link":"https:\/\/zeirpkielce.pl\/index.php\/kola-powiatowe\/","title":{"rendered":"Ko\u0142a Powiatowe"},"content":{"rendered":"\n<ul class=\"wp-block-list\">\n<li><a href=\"https:\/\/zeirpkielce.pl\/index.php\/kola-powiatowe\/kazimierza-wielka\/\">Ko\u0142o nr 1 w Kazimierzy Wielkiej<\/a><\/li>\n\n\n\n<li><a href=\"https:\/\/zeirpkielce.pl\/index.php\/kola-powiatowe\/wloszczowa\/\">Ko\u0142o nr 2 we W\u0142oszczowie<\/a><\/li>\n\n\n\n<li><a href=\"https:\/\/zeirpkielce.pl\/index.php\/kola-powiatowe\/pinczow\/\">Ko\u0142o nr 3 w Pi\u0144czowie<\/a><\/li>\n\n\n\n<li><a href=\"https:\/\/zeirpkielce.pl\/index.php\/kola-powiatowe\/starachowice\/\">Ko\u0142o nr 4 w Starachowicach<\/a><\/li>\n\n\n\n<li><a href=\"https:\/\/zeirpkielce.pl\/index.php\/kola-powiatowe\/jedrzejow\/\">Ko\u0142o nr 5 w J\u0119drzejowie<\/a><\/li>\n\n\n\n<li><a href=\"https:\/\/zeirpkielce.pl\/index.php\/kola-powiatowe\/opatow\/\">Ko\u0142o nr 6 w Opatowie<\/a><\/li>\n\n\n\n<li><a href=\"https:\/\/zeirpkielce.pl\/index.php\/kola-powiatowe\/kielce\/\">Ko\u0142o nr 7 w Kielcach<\/a><\/li>\n\n\n\n<li><a href=\"https:\/\/zeirpkielce.pl\/index.php\/kola-powiatowe\/konskie\/\">Ko\u0142o nr 8 w Ko\u0144skich<\/a><\/li>\n\n\n\n<li><a href=\"https:\/\/zeirpkielce.pl\/index.php\/kola-powiatowe\/busko-zdroj\/\">Ko\u0142o nr 9 w Busku Zdroju<\/a><\/li>\n\n\n\n<li><a href=\"https:\/\/zeirpkielce.pl\/index.php\/kola-powiatowe\/ostrowiec-swietokrzyski\/\">Ko\u0142o nr 10 w Ostrowcu \u015awi\u0119tokrzyskim<\/a><\/li>\n\n\n\n<li><a href=\"https:\/\/zeirpkielce.pl\/index.php\/kola-powiatowe\/sandomierz\/\">Ko\u0142o nr 11 w Sandomierzu<\/a><\/li>\n\n\n\n<li><a href=\"https:\/\/zeirpkielce.pl\/index.php\/kola-powiatowe\/staszow\/\">Ko\u0142o nr 12 w Staszowie<\/a><\/li>\n\n\n\n<li><a href=\"https:\/\/zeirpkielce.pl\/index.php\/kola-powiatowe\/skarzysko-kamienna\/\">Ko\u0142o nr 13 w Skar\u017cysku Kamienna<\/a><\/li>\n<\/ul>\n","protected":false},"excerpt":{"rendered":"","protected":false},"author":1,"featured_media":0,"parent":0,"menu_order":0,"comment_status":"closed","ping_status":"closed","template":"","meta":{"footnotes":""},"class_list":["post-102","page","type-page","status-publish","hentry"],"yoast_head":"<!-- This site is optimized with the Yoast SEO plugin v21.7 - https:\/\/yoast.com\/wordpress\/plugins\/seo\/ -->\n<title>Ko\u0142a Powiatowe - Zwi\u0105zek Emeryt\u00f3w i Rencist\u00f3w Po\u017carnictwa RP Oddzia\u0142 \u015awi\u0119tokrzyski<\/title>\n<meta name=\"robots\" content=\"index, follow, max-snippet:-1, max-image-preview:large, max-video-preview:-1\" \/>\n<link rel=\"canonical\" href=\"https:\/\/zeirpkielce.pl\/index.php\/kola-powiatowe\/\" \/>\n<meta property=\"og:locale\" content=\"pl_PL\" \/>\n<meta property=\"og:type\" content=\"article\" \/>\n<meta property=\"og:title\" content=\"Ko\u0142a Powiatowe - Zwi\u0105zek Emeryt\u00f3w i Rencist\u00f3w Po\u017carnictwa RP Oddzia\u0142 \u015awi\u0119tokrzyski\" \/>\n<meta property=\"og:url\" content=\"https:\/\/zeirpkielce.pl\/index.php\/kola-powiatowe\/\" \/>\n<meta property=\"og:site_name\" content=\"Zwi\u0105zek Emeryt\u00f3w i Rencist\u00f3w Po\u017carnictwa RP Oddzia\u0142 \u015awi\u0119tokrzyski\" \/>\n<meta property=\"article:modified_time\" content=\"2023-01-25T11:16:42+00:00\" \/>\n<meta name=\"twitter:card\" content=\"summary_large_image\" \/>\n<meta name=\"twitter:label1\" content=\"Szacowany czas czytania\" \/>\n\t<meta name=\"twitter:data1\" content=\"1 minuta\" \/>\n<script type=\"application\/ld+json\" class=\"yoast-schema-graph\">{\"@context\":\"https:\/\/schema.org\",\"@graph\":[{\"@type\":\"WebPage\",\"@id\":\"https:\/\/zeirpkielce.pl\/index.php\/kola-powiatowe\/\",\"url\":\"https:\/\/zeirpkielce.pl\/index.php\/kola-powiatowe\/\",\"name\":\"Ko\u0142a Powiatowe - Zwi\u0105zek Emeryt\u00f3w i Rencist\u00f3w Po\u017carnictwa RP Oddzia\u0142 \u015awi\u0119tokrzyski\",\"isPartOf\":{\"@id\":\"https:\/\/zeirpkielce.pl\/#website\"},\"datePublished\":\"2022-12-21T14:13:54+00:00\",\"dateModified\":\"2023-01-25T11:16:42+00:00\",\"breadcrumb\":{\"@id\":\"https:\/\/zeirpkielce.pl\/index.php\/kola-powiatowe\/#breadcrumb\"},\"inLanguage\":\"pl-PL\",\"potentialAction\":[{\"@type\":\"ReadAction\",\"target\":[\"https:\/\/zeirpkielce.pl\/index.php\/kola-powiatowe\/\"]}]},{\"@type\":\"BreadcrumbList\",\"@id\":\"https:\/\/zeirpkielce.pl\/index.php\/kola-powiatowe\/#breadcrumb\",\"itemListElement\":[{\"@type\":\"ListItem\",\"position\":1,\"name\":\"Strona g\u0142\u00f3wna\",\"item\":\"https:\/\/zeirpkielce.pl\/\"},{\"@type\":\"ListItem\",\"position\":2,\"name\":\"Ko\u0142a Powiatowe\"}]},{\"@type\":\"WebSite\",\"@id\":\"https:\/\/zeirpkielce.pl\/#website\",\"url\":\"https:\/\/zeirpkielce.pl\/\",\"name\":\"Zwi\u0105zek Emeryt\u00f3w i Rencist\u00f3w Po\u017carnictwa RP Oddzia\u0142 \u015awi\u0119tokrzyski\",\"description\":\"\",\"publisher\":{\"@id\":\"https:\/\/zeirpkielce.pl\/#organization\"},\"potentialAction\":[{\"@type\":\"SearchAction\",\"target\":{\"@type\":\"EntryPoint\",\"urlTemplate\":\"https:\/\/zeirpkielce.pl\/?s={search_term_string}\"},\"query-input\":\"required name=search_term_string\"}],\"inLanguage\":\"pl-PL\"},{\"@type\":\"Organization\",\"@id\":\"https:\/\/zeirpkielce.pl\/#organization\",\"name\":\"Zwi\u0105zek Emeryt\u00f3w i Rencist\u00f3w Po\u017carnictwa RP Oddzia\u0142 \u015awi\u0119tokrzyski\",\"url\":\"https:\/\/zeirpkielce.pl\/\",\"logo\":{\"@type\":\"ImageObject\",\"inLanguage\":\"pl-PL\",\"@id\":\"https:\/\/zeirpkielce.pl\/#\/schema\/logo\/image\/\",\"url\":\"https:\/\/zeirpkielce.pl\/wp-content\/uploads\/2022\/12\/cropped-zeirprplogo.png\",\"contentUrl\":\"https:\/\/zeirpkielce.pl\/wp-content\/uploads\/2022\/12\/cropped-zeirprplogo.png\",\"width\":248,\"height\":248,\"caption\":\"Zwi\u0105zek Emeryt\u00f3w i Rencist\u00f3w Po\u017carnictwa RP Oddzia\u0142 \u015awi\u0119tokrzyski\"},\"image\":{\"@id\":\"https:\/\/zeirpkielce.pl\/#\/schema\/logo\/image\/\"}}]}<\/script>\n<!-- \/ Yoast SEO plugin. -->","yoast_head_json":{"title":"Ko\u0142a Powiatowe - Zwi\u0105zek Emeryt\u00f3w i Rencist\u00f3w Po\u017carnictwa RP Oddzia\u0142 \u015awi\u0119tokrzyski","robots":{"index":"index","follow":"follow","max-snippet":"max-snippet:-1","max-image-preview":"max-image-preview:large","max-video-preview":"max-video-preview:-1"},"canonical":"https:\/\/zeirpkielce.pl\/index.php\/kola-powiatowe\/","og_locale":"pl_PL","og_type":"article","og_title":"Ko\u0142a Powiatowe - Zwi\u0105zek Emeryt\u00f3w i Rencist\u00f3w Po\u017carnictwa RP Oddzia\u0142 \u015awi\u0119tokrzyski","og_url":"https:\/\/zeirpkielce.pl\/index.php\/kola-powiatowe\/","og_site_name":"Zwi\u0105zek Emeryt\u00f3w i Rencist\u00f3w Po\u017carnictwa RP Oddzia\u0142 \u015awi\u0119tokrzyski","article_modified_time":"2023-01-25T11:16:42+00:00","twitter_card":"summary_large_image","twitter_misc":{"Szacowany czas czytania":"1 minuta"},"schema":{"@context":"https:\/\/schema.org","@graph":[{"@type":"WebPage","@id":"https:\/\/zeirpkielce.pl\/index.php\/kola-powiatowe\/","url":"https:\/\/zeirpkielce.pl\/index.php\/kola-powiatowe\/","name":"Ko\u0142a Powiatowe - Zwi\u0105zek Emeryt\u00f3w i Rencist\u00f3w Po\u017carnictwa RP Oddzia\u0142 \u015awi\u0119tokrzyski","isPartOf":{"@id":"https:\/\/zeirpkielce.pl\/#website"},"datePublished":"2022-12-21T14:13:54+00:00","dateModified":"2023-01-25T11:16:42+00:00","breadcrumb":{"@id":"https:\/\/zeirpkielce.pl\/index.php\/kola-powiatowe\/#breadcrumb"},"inLanguage":"pl-PL","potentialAction":[{"@type":"ReadAction","target":["https:\/\/zeirpkielce.pl\/index.php\/kola-powiatowe\/"]}]},{"@type":"BreadcrumbList","@id":"https:\/\/zeirpkielce.pl\/index.php\/kola-powiatowe\/#breadcrumb","itemListElement":[{"@type":"ListItem","position":1,"name":"Strona g\u0142\u00f3wna","item":"https:\/\/zeirpkielce.pl\/"},{"@type":"ListItem","position":2,"name":"Ko\u0142a Powiatowe"}]},{"@type":"WebSite","@id":"https:\/\/zeirpkielce.pl\/#website","url":"https:\/\/zeirpkielce.pl\/","name":"Zwi\u0105zek Emeryt\u00f3w i Rencist\u00f3w Po\u017carnictwa RP Oddzia\u0142 \u015awi\u0119tokrzyski","description":"","publisher":{"@id":"https:\/\/zeirpkielce.pl\/#organization"},"potentialAction":[{"@type":"SearchAction","target":{"@type":"EntryPoint","urlTemplate":"https:\/\/zeirpkielce.pl\/?s={search_term_string}"},"query-input":"required name=search_term_string"}],"inLanguage":"pl-PL"},{"@type":"Organization","@id":"https:\/\/zeirpkielce.pl\/#organization","name":"Zwi\u0105zek Emeryt\u00f3w i Rencist\u00f3w Po\u017carnictwa RP Oddzia\u0142 \u015awi\u0119tokrzyski","url":"https:\/\/zeirpkielce.pl\/","logo":{"@type":"ImageObject","inLanguage":"pl-PL","@id":"https:\/\/zeirpkielce.pl\/#\/schema\/logo\/image\/","url":"https:\/\/zeirpkielce.pl\/wp-content\/uploads\/2022\/12\/cropped-zeirprplogo.png","contentUrl":"https:\/\/zeirpkielce.pl\/wp-content\/uploads\/2022\/12\/cropped-zeirprplogo.png","width":248,"height":248,"caption":"Zwi\u0105zek Emeryt\u00f3w i Rencist\u00f3w Po\u017carnictwa RP Oddzia\u0142 \u015awi\u0119tokrzyski"},"image":{"@id":"https:\/\/zeirpkielce.pl\/#\/schema\/logo\/image\/"}}]}},"_links":{"self":[{"href":"https:\/\/zeirpkielce.pl\/index.php\/wp-json\/wp\/v2\/pages\/102","targetHints":{"allow":["GET"]}}],"collection":[{"href":"https:\/\/zeirpkielce.pl\/index.php\/wp-json\/wp\/v2\/pages"}],"about":[{"href":"https:\/\/zeirpkielce.pl\/index.php\/wp-json\/wp\/v2\/types\/page"}],"author":[{"embeddable":true,"href":"https:\/\/zeirpkielce.pl\/index.php\/wp-json\/wp\/v2\/users\/1"}],"replies":[{"embeddable":true,"href":"https:\/\/zeirpkielce.pl\/index.php\/wp-json\/wp\/v2\/comments?post=102"}],"version-history":[{"count":4,"href":"https:\/\/zeirpkielce.pl\/index.php\/wp-json\/wp\/v2\/pages\/102\/revisions"}],"predecessor-version":[{"id":429,"href":"https:\/\/zeirpkielce.pl\/index.php\/wp-json\/wp\/v2\/pages\/102\/revisions\/429"}],"wp:attachment":[{"href":"https:\/\/zeirpkielce.pl\/index.php\/wp-json\/wp\/v2\/media?parent=102"}],"curies":[{"name":"wp","href":"https:\/\/api.w.org\/{rel}","templated":true}]}}